{"id":2813,"date":"2021-10-22T16:41:39","date_gmt":"2021-10-22T14:41:39","guid":{"rendered":"https:\/\/sevillistas101.com\/tienda\/?page_id=2813"},"modified":"2021-10-22T17:30:00","modified_gmt":"2021-10-22T15:30:00","slug":"reembolso_devoluciones","status":"publish","type":"page","link":"https:\/\/sevillistas101.com\/tienda\/reembolso_devoluciones\/","title":{"rendered":"Pol\u00edtica de devoluciones y reembolsos"},"content":{"rendered":"\r\n<p><strong>\u00a0Pol\u00edtica de devoluciones<\/strong><\/p>\r\n<p><strong>Plazo<\/strong><\/p>\r\n<p>Disponemos de un plazo para devoluciones de siete d\u00edas\u00a0a partir de la fecha en que la paqueter\u00eda entreg\u00f3 tu pedido en el domicilio indicado al realizar la compra. Debes notificar acerca de la devoluci\u00f3n antes realizarla\u00a0a trav\u00e9s de alguno de nuestros canales de atenci\u00f3n:<\/p>\r\n<p>\u2013 Solicitar la devoluci\u00f3n dentro del plazo de devoluci\u00f3n por correo electr\u00f3nico.<\/p>\r\n<ul>\r\n<li>La Venta de Entradas y Sorteos <em>NO TENDR\u00c1 DEVOLUCI\u00d3N.<\/em><\/li>\r\n<\/ul>\r\n<p>&nbsp;<\/p>\r\n<p><strong>Condiciones<\/strong><\/p>\r\n<p>Para ser elegible para una devoluci\u00f3n, el art\u00edculo debe:<\/p>\r\n<p>\u2013 Estar sin usar y en las mismas condiciones en que lo recibiste. Tambi\u00e9n debe estar en su embalaje original.<\/p>\r\n<p>Hay algunas situaciones donde solo se pueden garantizar reembolsos parciales:<\/p>\r\n<p>\u2013 Cualquier producto que no se encuentre en su condici\u00f3n original, que est\u00e9 da\u00f1ado o le falten partes por razones ajenas a nosotros y que hayan sido abiertos.<\/p>\r\n<p>Si deseas hacer la devoluci\u00f3n de alguno de nuestros productos, lo puedes hacer de las siguientes maneras:<\/p>\r\n<p>\u2013 Solicitar la devoluci\u00f3n dentro del plazo de devoluci\u00f3n por correo electr\u00f3nico.<\/p>\r\n<p>&nbsp;<\/p>\r\n<p><strong>Procedimiento<\/strong><\/p>\r\n<p>En el caso de abono, se realizar\u00e1 el abono del importe mediante el mismo medio con el que se ha realizado la compra ya sea PayPal o tarjeta bancaria. No se podr\u00e1 realizar el abono, transcurridos 7 d\u00edas desde la fecha de realizaci\u00f3n del pedido. En todo caso los costes aparejados a los cambios y devoluciones NO IMPUTABLES a SEVILLISTAS 101 % ser\u00e1n a cargo del cliente. No ser\u00e1n admitidos en ning\u00fan caso env\u00edos relativos a devoluciones o cambios a portes debidos.<\/p>\r\n<p><strong>Condiciones del producto<\/strong><\/p>\r\n<p>El producto deber\u00e1 devolverse en \u00f3ptimas condiciones, sin rastros de haber sido utilizado, con las etiquetas originales o en su defecto, si ya fueron retiradas, debes introducirlas en el empaque. Una vez recibido el producto, verificaremos las condiciones del mismo y de acuerdo con los resultados, se te enviar\u00e1 un producto nuevo o se te realizara el abono del importe pagado.<\/p>\r\n<p><strong>Productos que aplican<\/strong><\/p>\r\n<p>Todos los productos, <em>salvo sorteos y entradas<\/em>,\u00a0 tienen devoluci\u00f3n siempre que cumplan los requisitos expuestos anteriormente.<\/p>\r\n<p><strong>Plazo de respuesta<\/strong><\/p>\r\n<p>Reembolso del dinero: Dependiendo del medio de pago que hayas utilizado para tu compra, el reembolso se har\u00e1 a tu cuenta bancaria o tu tarjeta de cr\u00e9dito. Los cambios se despachar\u00e1n aproximadamente en 3 d\u00edas h\u00e1biles despu\u00e9s de recibido el producto y aplicar\u00e1n los mismos tiempos de una entrega regular.<\/p>\r\n<p><strong>Costos de env\u00edo<\/strong><\/p>\r\n<p>Los costos de transporte y los dem\u00e1s que conlleve una devoluci\u00f3n ser\u00e1n cubiertos por el cliente.<\/p>\r\n<p><strong>\u00a0Ley<\/strong><\/p>\r\n<p>Para la interpretaci\u00f3n y cumplimiento de los presentes t\u00e9rminos y condiciones, las partes se someten a la jurisdicci\u00f3n de los tribunales de la Ciudad de renunciado expresamente a cualquier otro fuero que pudiere corresponderles por raz\u00f3n de sus domicilios presentes o futuros.<\/p>\r\n<p><strong>\u00a0Cambios en los t\u00e9rminos de servicio<\/strong><\/p>\r\n<p>Puedes revisar la versi\u00f3n m\u00e1s actualizada de los T\u00e9rminos de Servicio en cualquier momento en esta p\u00e1gina.<\/p>\r\n<p>Nos reservamos el derecho, a nuestra sola discreci\u00f3n, de actualizar, modificar o reemplazar cualquier parte de estas Condiciones del servicio mediante la publicaci\u00f3n de las actualizaciones y los cambios en nuestro sitio web. Es tu responsabilidad revisar nuestro sitio web peri\u00f3dicamente para verificar los cambios. El uso continuo de o el acceso a nuestro sitio Web o el Servicio despu\u00e9s de la publicaci\u00f3n de cualquier cambio en estas Condiciones de servicio implica la aceptaci\u00f3n de dichos cambios.<\/p>\r\n<p><strong>\u00a0Informaci\u00f3n de contacto<\/strong><\/p>\r\n<p>Preguntas acerca de los T\u00e9rminos de Servicio deben ser enviadas a\u00a0<a href=\"mailto:%20info@sevillistas101.com\">info@sevillistas101.com<\/a>.<\/p>\r\n","protected":false},"excerpt":{"rendered":"<p>\u00a0Pol\u00edtica de devoluciones Plazo Disponemos de un plazo para devoluciones de siete d\u00edas\u00a0a partir de la fecha en que la paqueter\u00eda entreg\u00f3 tu pedido en el domicilio indicado al realizar la compra. Debes notificar acerca de la devoluci\u00f3n antes realizarla\u00a0a trav\u00e9s de alguno de nuestros canales de atenci\u00f3n: \u2013 Solicitar la devoluci\u00f3n dentro del plazo &hellip;<\/p>\n<p class=\"read-more\"> <a class=\" thunk-readmore button \" href=\"https:\/\/sevillistas101.com\/tienda\/reembolso_devoluciones\/\"> <span class=\"screen-reader-text\">Pol\u00edtica de devoluciones y reembolsos<\/span>Leer M\u00e1s<\/a><\/p>\n","protected":false},"author":1,"featured_media":0,"parent":0,"menu_order":0,"comment_status":"closed","ping_status":"closed","template":"","meta":{"spay_email":""},"jetpack_sharing_enabled":true,"jetpack_shortlink":"https:\/\/wp.me\/P9krhB-Jn","_links":{"self":[{"href":"https:\/\/sevillistas101.com\/tienda\/wp-json\/wp\/v2\/pages\/2813"}],"collection":[{"href":"https:\/\/sevillistas101.com\/tienda\/wp-json\/wp\/v2\/pages"}],"about":[{"href":"https:\/\/sevillistas101.com\/tienda\/wp-json\/wp\/v2\/types\/page"}],"author":[{"embeddable":true,"href":"https:\/\/sevillistas101.com\/tienda\/wp-json\/wp\/v2\/users\/1"}],"replies":[{"embeddable":true,"href":"https:\/\/sevillistas101.com\/tienda\/wp-json\/wp\/v2\/comments?post=2813"}],"version-history":[{"count":3,"href":"https:\/\/sevillistas101.com\/tienda\/wp-json\/wp\/v2\/pages\/2813\/revisions"}],"predecessor-version":[{"id":2850,"href":"https:\/\/sevillistas101.com\/tienda\/wp-json\/wp\/v2\/pages\/2813\/revisions\/2850"}],"wp:attachment":[{"href":"https:\/\/sevillistas101.com\/tienda\/wp-json\/wp\/v2\/media?parent=2813"}],"curies":[{"name":"wp","href":"https:\/\/api.w.org\/{rel}","templated":true}]}}